{"id":566,"date":"2020-01-20T14:33:25","date_gmt":"2020-01-20T14:33:25","guid":{"rendered":"http:\/\/techroi.com\/?page_id=566"},"modified":"2023-12-15T06:16:37","modified_gmt":"2023-12-15T06:16:37","slug":"lediga-tjanster","status":"publish","type":"page","link":"https:\/\/techroi.com\/en\/lediga-tjanster\/","title":{"rendered":"Lediga tj\u00e4nster"},"content":{"rendered":"<div data-elementor-type=\"wp-post\" data-elementor-id=\"566\" class=\"elementor elementor-566\" data-elementor-post-type=\"page\">\n\t\t\t\t\t\t<section class=\"elementor-section elementor-top-section elementor-element elementor-element-2ccac65 elementor-section-boxed elementor-section-height-default elementor-section-height-default\" data-id=\"2ccac65\" data-element_type=\"section\">\n\t\t\t\t\t\t<div class=\"elementor-container elementor-column-gap-default\">\n\t\t\t\t\t<div class=\"elementor-column elementor-col-100 elementor-top-column elementor-element elementor-element-fbe30ab\" data-id=\"fbe30ab\" data-element_type=\"column\">\n\t\t\t<div class=\"elementor-widget-wrap elementor-element-populated\">\n\t\t\t\t\t\t<div class=\"elementor-element elementor-element-d060776 elementor-widget elementor-widget-image\" data-id=\"d060776\" data-element_type=\"widget\" data-widget_type=\"image.default\">\n\t\t\t\t<div class=\"elementor-widget-container\">\n\t\t\t\t\t\t\t\t\t\t\t\t\t\t<a href=\"https:\/\/techroi.com\/wp-admin\/post.php?post=23&#038;action=elementor\">\n\t\t\t\t\t\t\t<img decoding=\"async\" src=\"https:\/\/mlcwkwtzmp7o.i.optimole.com\/cb:V_UZ~2dbbc\/w:auto\/h:auto\/q:mauto\/ig:avif\/f:best\/https:\/\/techroi.com\/wp-content\/uploads\/2019\/06\/One_brand_many_solutions-e1561448059309.png\" title=\"\" alt=\"\" loading=\"lazy\" \/>\t\t\t\t\t\t\t\t<\/a>\n\t\t\t\t\t\t\t\t\t\t\t\t\t<\/div>\n\t\t\t\t<\/div>\n\t\t\t\t<div class=\"elementor-element elementor-element-ef23ebb elementor-widget elementor-widget-spacer\" data-id=\"ef23ebb\" data-element_type=\"widget\" data-widget_type=\"spacer.default\">\n\t\t\t\t<div class=\"elementor-widget-container\">\n\t\t\t\t\t<div class=\"elementor-spacer\">\n\t\t\t<div class=\"elementor-spacer-inner\"><\/div>\n\t\t<\/div>\n\t\t\t\t<\/div>\n\t\t\t\t<\/div>\n\t\t\t\t\t<\/div>\n\t\t<\/div>\n\t\t\t\t\t<\/div>\n\t\t<\/section>\n\t\t\t\t<section class=\"elementor-section elementor-top-section elementor-element elementor-element-fca6009 elementor-section-boxed elementor-section-height-default elementor-section-height-default\" data-id=\"fca6009\" data-element_type=\"section\">\n\t\t\t\t\t\t<div class=\"elementor-container elementor-column-gap-default\">\n\t\t\t\t\t<div class=\"elementor-column elementor-col-100 elementor-top-column elementor-element elementor-element-4e6854e\" data-id=\"4e6854e\" data-element_type=\"column\">\n\t\t\t<div class=\"elementor-widget-wrap elementor-element-populated\">\n\t\t\t\t\t\t<div class=\"elementor-element elementor-element-3a58cd1 elementor-widget elementor-widget-heading\" data-id=\"3a58cd1\" data-element_type=\"widget\" data-widget_type=\"heading.default\">\n\t\t\t\t<div class=\"elementor-widget-container\">\n\t\t\t<h2 class=\"elementor-heading-title elementor-size-default\">Job opportunities. <\/h2>\t\t<\/div>\n\t\t\t\t<\/div>\n\t\t\t\t<div class=\"elementor-element elementor-element-a905233 elementor-widget elementor-widget-spacer\" data-id=\"a905233\" data-element_type=\"widget\" data-widget_type=\"spacer.default\">\n\t\t\t\t<div class=\"elementor-widget-container\">\n\t\t\t\t\t<div class=\"elementor-spacer\">\n\t\t\t<div class=\"elementor-spacer-inner\"><\/div>\n\t\t<\/div>\n\t\t\t\t<\/div>\n\t\t\t\t<\/div>\n\t\t\t\t<div class=\"elementor-element elementor-element-97ce2d4 elementor-widget elementor-widget-text-editor\" data-id=\"97ce2d4\" data-element_type=\"widget\" data-widget_type=\"text-editor.default\">\n\t\t\t\t<div class=\"elementor-widget-container\">\n\t\t\t\t\t\t\t<p><strong>We at TechROi are always interested<\/strong> in skilled staff. If you are a thorough person who likes to take your own initiative, <strong>you have definitely captured our interest<\/strong>. If you also have easy to communicate, and are time conscious, there is a great possibility that <strong>you can become one of us<\/strong>. Since you are a positive person who respects and understands the differences between cultures, we hope some of these job oppurtunities suit you. <strong>We keep our fingers crossed!<\/strong><\/p>\t\t\t\t\t\t<\/div>\n\t\t\t\t<\/div>\n\t\t\t\t<div class=\"elementor-element elementor-element-8a654c3 elementor-widget elementor-widget-spacer\" data-id=\"8a654c3\" data-element_type=\"widget\" data-widget_type=\"spacer.default\">\n\t\t\t\t<div class=\"elementor-widget-container\">\n\t\t\t\t\t<div class=\"elementor-spacer\">\n\t\t\t<div class=\"elementor-spacer-inner\"><\/div>\n\t\t<\/div>\n\t\t\t\t<\/div>\n\t\t\t\t<\/div>\n\t\t\t\t\t<\/div>\n\t\t<\/div>\n\t\t\t\t\t<\/div>\n\t\t<\/section>\n\t\t\t\t<section class=\"elementor-section elementor-top-section elementor-element elementor-element-1e74d5c6 elementor-section-height-min-height elementor-section-boxed elementor-section-height-default elementor-section-items-middle\" data-id=\"1e74d5c6\" data-element_type=\"section\" data-settings=\"{&quot;background_background&quot;:&quot;classic&quot;}\">\n\t\t\t\t\t\t<div class=\"elementor-container elementor-column-gap-default\">\n\t\t\t\t\t<div class=\"elementor-column elementor-col-100 elementor-top-column elementor-element elementor-element-513636\" data-id=\"513636\" data-element_type=\"column\">\n\t\t\t<div class=\"elementor-widget-wrap elementor-element-populated\">\n\t\t\t\t\t\t<section class=\"elementor-section elementor-inner-section elementor-element elementor-element-4b2f8308 elementor-section-boxed elementor-section-height-default elementor-section-height-default\" data-id=\"4b2f8308\" data-element_type=\"section\">\n\t\t\t\t\t\t<div class=\"elementor-container elementor-column-gap-default\">\n\t\t\t\t\t<div class=\"elementor-column elementor-col-100 elementor-inner-column elementor-element elementor-element-2b0ef2e9\" data-id=\"2b0ef2e9\" data-element_type=\"column\">\n\t\t\t<div class=\"elementor-widget-wrap elementor-element-populated\">\n\t\t\t\t\t\t<div class=\"elementor-element elementor-element-5fb65193 elementor-widget elementor-widget-heading\" data-id=\"5fb65193\" data-element_type=\"widget\" data-widget_type=\"heading.default\">\n\t\t\t\t<div class=\"elementor-widget-container\">\n\t\t\t<h2 class=\"elementor-heading-title elementor-size-default\">Spontaneous application<\/h2>\t\t<\/div>\n\t\t\t\t<\/div>\n\t\t\t\t<div class=\"elementor-element elementor-element-1a6fa913 elementor-widget elementor-widget-heading\" data-id=\"1a6fa913\" data-element_type=\"widget\" data-widget_type=\"heading.default\">\n\t\t\t\t<div class=\"elementor-widget-container\">\n\t\t\t<h2 class=\"elementor-heading-title elementor-size-default\">Can't find anything that suits you? Submit a spontaneous application anyway. If you have technical expertise in the manufacturing industry, we are always interested.<\/h2>\t\t<\/div>\n\t\t\t\t<\/div>\n\t\t\t\t<div class=\"elementor-element elementor-element-da5de4f elementor-widget elementor-widget-spacer\" data-id=\"da5de4f\" data-element_type=\"widget\" data-widget_type=\"spacer.default\">\n\t\t\t\t<div class=\"elementor-widget-container\">\n\t\t\t\t\t<div class=\"elementor-spacer\">\n\t\t\t<div class=\"elementor-spacer-inner\"><\/div>\n\t\t<\/div>\n\t\t\t\t<\/div>\n\t\t\t\t<\/div>\n\t\t\t\t\t<\/div>\n\t\t<\/div>\n\t\t\t\t\t<\/div>\n\t\t<\/section>\n\t\t\t\t<div class=\"elementor-element elementor-element-4fa8c2f4 elementor-button-align-center elementor-widget elementor-widget-form\" data-id=\"4fa8c2f4\" data-element_type=\"widget\" data-settings=\"{&quot;step_next_label&quot;:&quot;Next&quot;,&quot;step_previous_label&quot;:&quot;Previous&quot;,&quot;button_width&quot;:&quot;100&quot;,&quot;step_type&quot;:&quot;number_text&quot;,&quot;step_icon_shape&quot;:&quot;circle&quot;}\" data-widget_type=\"form.default\">\n\t\t\t\t<div class=\"elementor-widget-container\">\n\t\t\t\t\t<form class=\"elementor-form\" method=\"post\" name=\"Namnge tj\u00e4nsten h\u00e4r\" action=\"\">\n\t\t\t<input type=\"hidden\" name=\"post_id\" value=\"566\"\/>\n\t\t\t<input type=\"hidden\" name=\"form_id\" value=\"4fa8c2f4\"\/>\n\t\t\t<input type=\"hidden\" name=\"referer_title\" value=\"TechROi\" \/>\n\n\t\t\t\n\t\t\t<div class=\"elementor-form-fields-wrapper elementor-labels-above\">\n\t\t\t\t\t\t\t\t<div class=\"elementor-field-type-textarea elementor-field-group elementor-column elementor-field-group-message elementor-col-100 elementor-field-required elementor-mark-required\">\n\t\t\t\t\t<textarea class=\"elementor-field-textual elementor-field  elementor-size-sm\" name=\"form_fields[message]\" id=\"form-field-message\" rows=\"6\" placeholder=\"Tell us (in maximum 3 sentences) why it would be a big mistake not hiring you (in english or swedish).\" required=\"required\" aria-required=\"true\"><\/textarea>\t\t\t\t<\/div>\n\t\t\t\t\t\t\t\t<div class=\"elementor-field-type-upload elementor-field-group elementor-column elementor-field-group-field_2ccdd4a elementor-col-33 elementor-field-required elementor-mark-required\">\n\t\t\t\t\t\t\t\t\t\t\t\t<label for=\"form-field-field_2ccdd4a\" class=\"elementor-field-label\">\n\t\t\t\t\t\t\t\tUpload your CV\t\t\t\t\t\t\t<\/label>\n\t\t\t\t\t\t\t\t<input type=\"file\" name=\"form_fields[field_2ccdd4a]\" id=\"form-field-field_2ccdd4a\" class=\"elementor-field elementor-size-sm  elementor-upload-field\" required=\"required\" aria-required=\"true\">\n\n\t\t\t\t\t\t<\/div>\n\t\t\t\t\t\t\t\t<div class=\"elementor-field-type-acceptance elementor-field-group elementor-column elementor-field-group-field_b12ca56 elementor-col-100 elementor-field-required elementor-mark-required\">\n\t\t\t\t\t\t\t<div class=\"elementor-field-subgroup\">\n\t\t\t<span class=\"elementor-field-option\">\n\t\t\t\t<input type=\"checkbox\" name=\"form_fields[field_b12ca56]\" id=\"form-field-field_b12ca56\" class=\"elementor-field elementor-size-sm  elementor-acceptance-field\" required=\"required\" aria-required=\"true\">\n\t\t\t\t<label for=\"form-field-field_b12ca56\">I agree that my personal data is handled in accordance with TechROis <span style=\"text-decoration: underline;\"><a href=\"https:\/\/techroi.com\/en\/integritetspolicy\/\" rel=\"noopener\" target=\"_blank\">Privacy policy<\/a><\/span>.<\/label>\t\t\t<\/span>\n\t\t<\/div>\n\t\t\t\t\t\t<\/div>\n\t\t\t\t\t\t\t\t<div class=\"elementor-field-type-html elementor-field-group elementor-column elementor-field-group-field_14d43d7 elementor-col-100\">\n\t\t\t\t\t<p>\t\t\t\t<\/div>\n\t\t\t\t\t\t\t\t<div class=\"elementor-field-group elementor-column elementor-field-type-submit elementor-col-100 e-form__buttons\">\n\t\t\t\t\t<button type=\"submit\" class=\"elementor-button elementor-size-md\">\n\t\t\t\t\t\t<span >\n\t\t\t\t\t\t\t\t\t\t\t\t\t\t\t<span class=\"elementor-button-icon\">\n\t\t\t\t\t\t\t\t\t\t\t\t\t\t\t\t\t\t\t\t\t\t\t\t\t\t<\/span>\n\t\t\t\t\t\t\t\t\t\t\t\t\t\t\t\t\t\t\t\t\t\t<span class=\"elementor-button-text\">Send<\/span>\n\t\t\t\t\t\t\t\t\t\t\t\t\t<\/span>\n\t\t\t\t\t<\/button>\n\t\t\t\t<\/div>\n\t\t\t<\/div>\n\t\t<input type=\"hidden\" name=\"trp-form-language\" value=\"en\"\/><\/form>\n\t\t\t\t<\/div>\n\t\t\t\t<\/div>\n\t\t\t\t<div class=\"elementor-element elementor-element-2ec66d17 elementor-widget elementor-widget-spacer\" data-id=\"2ec66d17\" data-element_type=\"widget\" data-widget_type=\"spacer.default\">\n\t\t\t\t<div class=\"elementor-widget-container\">\n\t\t\t\t\t<div class=\"elementor-spacer\">\n\t\t\t<div class=\"elementor-spacer-inner\"><\/div>\n\t\t<\/div>\n\t\t\t\t<\/div>\n\t\t\t\t<\/div>\n\t\t\t\t\t<\/div>\n\t\t<\/div>\n\t\t\t\t\t<\/div>\n\t\t<\/section>\n\t\t\t\t<section class=\"elementor-section elementor-top-section elementor-element elementor-element-32ba428 elementor-section-boxed elementor-section-height-default elementor-section-height-default\" data-id=\"32ba428\" data-element_type=\"section\">\n\t\t\t\t\t\t<div class=\"elementor-container elementor-column-gap-default\">\n\t\t\t\t\t<div class=\"elementor-column elementor-col-100 elementor-top-column elementor-element elementor-element-747b74d\" data-id=\"747b74d\" data-element_type=\"column\">\n\t\t\t<div class=\"elementor-widget-wrap elementor-element-populated\">\n\t\t\t\t\t\t<div class=\"elementor-element elementor-element-4122640 elementor-widget elementor-widget-spacer\" data-id=\"4122640\" data-element_type=\"widget\" data-widget_type=\"spacer.default\">\n\t\t\t\t<div class=\"elementor-widget-container\">\n\t\t\t\t\t<div class=\"elementor-spacer\">\n\t\t\t<div class=\"elementor-spacer-inner\"><\/div>\n\t\t<\/div>\n\t\t\t\t<\/div>\n\t\t\t\t<\/div>\n\t\t\t\t\t<\/div>\n\t\t<\/div>\n\t\t\t\t\t<\/div>\n\t\t<\/section>\n\t\t\t\t<\/div>","protected":false},"excerpt":{"rendered":"<p>Lediga tj\u00e4nster. Vi p\u00e5 TechROi \u00e4r alltid intresserade av bra medarbetare. Om du \u00e4r en noggrann person som g\u00e4rna tar egna initiativ s\u00e5 har du definitivt f\u00e5ngat v\u00e5rt intresse. Har du dessutom l\u00e4tt f\u00f6r att kommunicera, och \u00e4r tidsmedveten s\u00e5 finns det en stor chans att du kan bli en av oss. Eftersom du \u00e4r [&hellip;]<\/p>","protected":false},"author":2,"featured_media":0,"parent":0,"menu_order":0,"comment_status":"closed","ping_status":"closed","template":"","meta":{"ocean_post_layout":"full-width","ocean_both_sidebars_style":"","ocean_both_sidebars_content_width":0,"ocean_both_sidebars_sidebars_width":0,"ocean_sidebar":"0","ocean_second_sidebar":"0","ocean_disable_margins":"on","ocean_add_body_class":"","ocean_shortcode_before_top_bar":"","ocean_shortcode_after_top_bar":"","ocean_shortcode_before_header":"","ocean_shortcode_after_header":"","ocean_has_shortcode":"","ocean_shortcode_after_title":"","ocean_shortcode_before_footer_widgets":"","ocean_shortcode_after_footer_widgets":"","ocean_shortcode_before_footer_bottom":"","ocean_shortcode_after_footer_bottom":"","ocean_display_top_bar":"on","ocean_display_header":"off","ocean_header_style":"top","ocean_center_header_left_menu":"0","ocean_custom_header_template":"0","ocean_custom_logo":0,"ocean_custom_retina_logo":0,"ocean_custom_logo_max_width":0,"ocean_custom_logo_tablet_max_width":0,"ocean_custom_logo_mobile_max_width":0,"ocean_custom_logo_max_height":0,"ocean_custom_logo_tablet_max_height":0,"ocean_custom_logo_mobile_max_height":0,"ocean_header_custom_menu":"3","ocean_menu_typo_font_family":"0","ocean_menu_typo_font_subset":"","ocean_menu_typo_font_size":0,"ocean_menu_typo_font_size_tablet":0,"ocean_menu_typo_font_size_mobile":0,"ocean_menu_typo_font_size_unit":"px","ocean_menu_typo_font_weight":"","ocean_menu_typo_font_weight_tablet":"","ocean_menu_typo_font_weight_mobile":"","ocean_menu_typo_transform":"","ocean_menu_typo_transform_tablet":"","ocean_menu_typo_transform_mobile":"","ocean_menu_typo_line_height":0,"ocean_menu_typo_line_height_tablet":0,"ocean_menu_typo_line_height_mobile":0,"ocean_menu_typo_line_height_unit":"","ocean_menu_typo_spacing":0,"ocean_menu_typo_spacing_tablet":0,"ocean_menu_typo_spacing_mobile":0,"ocean_menu_typo_spacing_unit":"","ocean_menu_link_color":"","ocean_menu_link_color_hover":"","ocean_menu_link_color_active":"","ocean_menu_link_background":"","ocean_menu_link_hover_background":"","ocean_menu_link_active_background":"","ocean_menu_social_links_bg":"","ocean_menu_social_hover_links_bg":"","ocean_menu_social_links_color":"","ocean_menu_social_hover_links_color":"","ocean_disable_title":"on","ocean_disable_heading":"on","ocean_post_title":"","ocean_post_subheading":"","ocean_post_title_style":"","ocean_post_title_background_color":"","ocean_post_title_background":0,"ocean_post_title_bg_image_position":"","ocean_post_title_bg_image_attachment":"","ocean_post_title_bg_image_repeat":"","ocean_post_title_bg_image_size":"","ocean_post_title_height":0,"ocean_post_title_bg_overlay":0.5,"ocean_post_title_bg_overlay_color":"","ocean_disable_breadcrumbs":"off","ocean_breadcrumbs_color":"","ocean_breadcrumbs_separator_color":"","ocean_breadcrumbs_links_color":"","ocean_breadcrumbs_links_hover_color":"","ocean_display_footer_widgets":"default","ocean_display_footer_bottom":"default","ocean_custom_footer_template":"0","footnotes":""},"yoast_head":"<!-- This site is optimized with the Yoast SEO plugin v22.1 - https:\/\/yoast.com\/wordpress\/plugins\/seo\/ -->\n<title>Lediga tj\u00e4nster | TechROi<\/title>\n<meta name=\"description\" content=\"Lediga tj\u00e4nster. Vi p\u00e5 TechROi \u00e4r alltid intresserade av bra medarbetare. Om du \u00e4r en noggrann person som g\u00e4rna tar egna initiativ s\u00e5 har du definitivt\" \/>\n<meta name=\"robots\" content=\"index, follow, max-snippet:-1, max-image-preview:large, max-video-preview:-1\" \/>\n<link rel=\"canonical\" href=\"https:\/\/techroi.com\/en\/lediga-tjanster\/\" \/>\n<meta property=\"og:locale\" content=\"en_GB\" \/>\n<meta property=\"og:type\" content=\"article\" \/>\n<meta property=\"og:title\" content=\"Lediga tj\u00e4nster | TechROi\" \/>\n<meta property=\"og:description\" content=\"Lediga tj\u00e4nster. Vi p\u00e5 TechROi \u00e4r alltid intresserade av bra medarbetare. Om du \u00e4r en noggrann person som g\u00e4rna tar egna initiativ s\u00e5 har du definitivt\" \/>\n<meta property=\"og:url\" content=\"https:\/\/techroi.com\/en\/lediga-tjanster\/\" \/>\n<meta property=\"og:site_name\" content=\"TechROi\" \/>\n<meta property=\"article:publisher\" content=\"https:\/\/www.facebook.com\/techroiengineering\/\" \/>\n<meta property=\"article:modified_time\" content=\"2023-12-15T06:16:37+00:00\" \/>\n<meta property=\"og:image\" content=\"https:\/\/mlcwkwtzmp7o.i.optimole.com\/cb:V_UZ~2dbbc\/w:auto\/h:auto\/q:mauto\/ig:avif\/f:best\/https:\/\/techroi.com\/wp-content\/uploads\/2019\/06\/One_brand_many_solutions-e1561448059309.png\" \/>\n<meta name=\"twitter:card\" content=\"summary_large_image\" \/>\n<meta name=\"twitter:label1\" content=\"Estimated reading time\" \/>\n\t<meta name=\"twitter:data1\" content=\"1 minute\" \/>\n<script type=\"application\/ld+json\" class=\"yoast-schema-graph\">{\"@context\":\"https:\/\/schema.org\",\"@graph\":[{\"@type\":\"WebPage\",\"@id\":\"https:\/\/techroi.com\/lediga-tjanster\/\",\"url\":\"https:\/\/techroi.com\/lediga-tjanster\/\",\"name\":\"Lediga tj\u00e4nster | TechROi\",\"isPartOf\":{\"@id\":\"https:\/\/techroi.com\/#website\"},\"datePublished\":\"2020-01-20T14:33:25+00:00\",\"dateModified\":\"2023-12-15T06:16:37+00:00\",\"description\":\"Lediga tj\u00e4nster. Vi p\u00e5 TechROi \u00e4r alltid intresserade av bra medarbetare. Om du \u00e4r en noggrann person som g\u00e4rna tar egna initiativ s\u00e5 har du definitivt\",\"breadcrumb\":{\"@id\":\"https:\/\/techroi.com\/lediga-tjanster\/#breadcrumb\"},\"inLanguage\":\"en-GB\",\"potentialAction\":[{\"@type\":\"ReadAction\",\"target\":[\"https:\/\/techroi.com\/lediga-tjanster\/\"]}]},{\"@type\":\"BreadcrumbList\",\"@id\":\"https:\/\/techroi.com\/lediga-tjanster\/#breadcrumb\",\"itemListElement\":[{\"@type\":\"ListItem\",\"position\":1,\"name\":\"Home\",\"item\":\"https:\/\/techroi.com\/\"},{\"@type\":\"ListItem\",\"position\":2,\"name\":\"Lediga tj\u00e4nster\"}]},{\"@type\":\"WebSite\",\"@id\":\"https:\/\/techroi.com\/#website\",\"url\":\"https:\/\/techroi.com\/\",\"name\":\"TechROi\",\"description\":\"One Brand, Many Solutions\",\"publisher\":{\"@id\":\"https:\/\/techroi.com\/#organization\"},\"potentialAction\":[{\"@type\":\"SearchAction\",\"target\":{\"@type\":\"EntryPoint\",\"urlTemplate\":\"https:\/\/techroi.com\/?s={search_term_string}\"},\"query-input\":\"required name=search_term_string\"}],\"inLanguage\":\"en-GB\"},{\"@type\":\"Organization\",\"@id\":\"https:\/\/techroi.com\/#organization\",\"name\":\"TechROi\",\"url\":\"https:\/\/techroi.com\/\",\"logo\":{\"@type\":\"ImageObject\",\"inLanguage\":\"en-GB\",\"@id\":\"https:\/\/techroi.com\/#\/schema\/logo\/image\/\",\"url\":\"https:\/\/mlcwkwtzmp7o.i.optimole.com\/cb:V_UZ~2dbbc\/w:auto\/h:auto\/q:mauto\/ig:avif\/f:best\/https:\/\/techroi.com\/wp-content\/uploads\/2020\/01\/TechROi-Webb-1000px-Red-RGB.png\",\"contentUrl\":\"https:\/\/mlcwkwtzmp7o.i.optimole.com\/cb:V_UZ~2dbbc\/w:auto\/h:auto\/q:mauto\/ig:avif\/f:best\/https:\/\/techroi.com\/wp-content\/uploads\/2020\/01\/TechROi-Webb-1000px-Red-RGB.png\",\"width\":1000,\"height\":222,\"caption\":\"TechROi\"},\"image\":{\"@id\":\"https:\/\/techroi.com\/#\/schema\/logo\/image\/\"},\"sameAs\":[\"https:\/\/www.facebook.com\/techroiengineering\/\",\"https:\/\/www.linkedin.com\/company\/techroi-design-center\"]}]}<\/script>\n<!-- \/ Yoast SEO plugin. -->","yoast_head_json":{"title":"Lediga tj\u00e4nster | TechROi","description":"Lediga tj\u00e4nster. Vi p\u00e5 TechROi \u00e4r alltid intresserade av bra medarbetare. Om du \u00e4r en noggrann person som g\u00e4rna tar egna initiativ s\u00e5 har du definitivt","robots":{"index":"index","follow":"follow","max-snippet":"max-snippet:-1","max-image-preview":"max-image-preview:large","max-video-preview":"max-video-preview:-1"},"canonical":"https:\/\/techroi.com\/en\/lediga-tjanster\/","og_locale":"en_GB","og_type":"article","og_title":"Lediga tj\u00e4nster | TechROi","og_description":"Lediga tj\u00e4nster. Vi p\u00e5 TechROi \u00e4r alltid intresserade av bra medarbetare. Om du \u00e4r en noggrann person som g\u00e4rna tar egna initiativ s\u00e5 har du definitivt","og_url":"https:\/\/techroi.com\/en\/lediga-tjanster\/","og_site_name":"TechROi","article_publisher":"https:\/\/www.facebook.com\/techroiengineering\/","article_modified_time":"2023-12-15T06:16:37+00:00","og_image":[{"url":"https:\/\/mlcwkwtzmp7o.i.optimole.com\/cb:V_UZ~2dbbc\/w:auto\/h:auto\/q:mauto\/ig:avif\/f:best\/https:\/\/techroi.com\/wp-content\/uploads\/2019\/06\/One_brand_many_solutions-e1561448059309.png"}],"twitter_card":"summary_large_image","twitter_misc":{"Estimated reading time":"1 minute"},"schema":{"@context":"https:\/\/schema.org","@graph":[{"@type":"WebPage","@id":"https:\/\/techroi.com\/lediga-tjanster\/","url":"https:\/\/techroi.com\/lediga-tjanster\/","name":"Lediga tj\u00e4nster | TechROi","isPartOf":{"@id":"https:\/\/techroi.com\/#website"},"datePublished":"2020-01-20T14:33:25+00:00","dateModified":"2023-12-15T06:16:37+00:00","description":"Lediga tj\u00e4nster. Vi p\u00e5 TechROi \u00e4r alltid intresserade av bra medarbetare. Om du \u00e4r en noggrann person som g\u00e4rna tar egna initiativ s\u00e5 har du definitivt","breadcrumb":{"@id":"https:\/\/techroi.com\/lediga-tjanster\/#breadcrumb"},"inLanguage":"en-GB","potentialAction":[{"@type":"ReadAction","target":["https:\/\/techroi.com\/lediga-tjanster\/"]}]},{"@type":"BreadcrumbList","@id":"https:\/\/techroi.com\/lediga-tjanster\/#breadcrumb","itemListElement":[{"@type":"ListItem","position":1,"name":"Home","item":"https:\/\/techroi.com\/"},{"@type":"ListItem","position":2,"name":"Lediga tj\u00e4nster"}]},{"@type":"WebSite","@id":"https:\/\/techroi.com\/#website","url":"https:\/\/techroi.com\/","name":"TechROi","description":"One Brand, Many Solutions","publisher":{"@id":"https:\/\/techroi.com\/#organization"},"potentialAction":[{"@type":"SearchAction","target":{"@type":"EntryPoint","urlTemplate":"https:\/\/techroi.com\/?s={search_term_string}"},"query-input":"required name=search_term_string"}],"inLanguage":"en-GB"},{"@type":"Organization","@id":"https:\/\/techroi.com\/#organization","name":"TechROi","url":"https:\/\/techroi.com\/","logo":{"@type":"ImageObject","inLanguage":"en-GB","@id":"https:\/\/techroi.com\/#\/schema\/logo\/image\/","url":"https:\/\/mlcwkwtzmp7o.i.optimole.com\/cb:V_UZ~2dbbc\/w:auto\/h:auto\/q:mauto\/ig:avif\/f:best\/https:\/\/techroi.com\/wp-content\/uploads\/2020\/01\/TechROi-Webb-1000px-Red-RGB.png","contentUrl":"https:\/\/mlcwkwtzmp7o.i.optimole.com\/cb:V_UZ~2dbbc\/w:auto\/h:auto\/q:mauto\/ig:avif\/f:best\/https:\/\/techroi.com\/wp-content\/uploads\/2020\/01\/TechROi-Webb-1000px-Red-RGB.png","width":1000,"height":222,"caption":"TechROi"},"image":{"@id":"https:\/\/techroi.com\/#\/schema\/logo\/image\/"},"sameAs":["https:\/\/www.facebook.com\/techroiengineering\/","https:\/\/www.linkedin.com\/company\/techroi-design-center"]}]}},"_links":{"self":[{"href":"https:\/\/techroi.com\/en\/wp-json\/wp\/v2\/pages\/566"}],"collection":[{"href":"https:\/\/techroi.com\/en\/wp-json\/wp\/v2\/pages"}],"about":[{"href":"https:\/\/techroi.com\/en\/wp-json\/wp\/v2\/types\/page"}],"author":[{"embeddable":true,"href":"https:\/\/techroi.com\/en\/wp-json\/wp\/v2\/users\/2"}],"replies":[{"embeddable":true,"href":"https:\/\/techroi.com\/en\/wp-json\/wp\/v2\/comments?post=566"}],"version-history":[{"count":312,"href":"https:\/\/techroi.com\/en\/wp-json\/wp\/v2\/pages\/566\/revisions"}],"predecessor-version":[{"id":1937,"href":"https:\/\/techroi.com\/en\/wp-json\/wp\/v2\/pages\/566\/revisions\/1937"}],"wp:attachment":[{"href":"https:\/\/techroi.com\/en\/wp-json\/wp\/v2\/media?parent=566"}],"curies":[{"name":"wp","href":"https:\/\/api.w.org\/{rel}","templated":true}]}}